{"id":26,"date":"2018-03-21T06:39:10","date_gmt":"2018-03-21T06:39:10","guid":{"rendered":"http:\/\/egit-school2018.unibs.it\/?page_id=26"},"modified":"2018-10-16T16:40:18","modified_gmt":"2018-10-16T16:40:18","slug":"program","status":"publish","type":"page","link":"https:\/\/egit-school2018.unibs.it\/index.php\/program\/","title":{"rendered":"Program"},"content":{"rendered":"<p><span style=\"color: #333399;\"><strong>Day 1 &#8211; October 16 (Tuesday)<\/strong><\/span><\/p>\n<p><span style=\"color: #333399;\">8:45 welcome<\/span><\/p>\n<p><span style=\"color: #333399;\">9-11 An overview of additive manufacturing hardware<br \/>\nLecturer: Bernd Bickel and\u00a0Jes\u00fas P\u00e9rez<\/span><\/p>\n<p><span style=\"color: #333399;\">Coffee break<\/span><\/p>\n<p><span style=\"color: #333399;\">11.30-13.30<\/span> <span style=\"color: #333399;\">State of the Art on Stylized Fabrication<br \/>\nLecturers: Bernd Bickel, Jes\u00fas P\u00e9rez\u00a0and Luigi Malomo<\/span><\/p>\n<p><span style=\"color: #333399;\">Lunch Break<\/span><\/p>\n<p><span style=\"color: #333399;\">14.45-16.45 Surface Parametrization\u00a0<\/span><br \/>\n<span style=\"color: #333399;\">Lecturer: Marco Tarini\u00a0<\/span><\/p>\n<p><span style=\"color: #333399;\">Coffee Break<\/span><\/p>\n<p><span style=\"color: #333399;\">17-19 Mesh processing tools for digital modeling and manufacturing<br \/>\nLecturer: Marco Centin<\/span><\/p>\n<p><span style=\"color: #333399;\"><strong>Day 2 &#8211; October 17<\/strong><\/span><\/p>\n<p><span style=\"color: #333399;\">8:45 -10:45 Appearance representation, editing and reproduction (part 1)<br \/>\nLecturer: Fabio Pellacini<\/span><\/p>\n<p><span style=\"color: #333399;\">Coffee Break<\/span><\/p>\n<p><span style=\"color: #333399;\">11:00-13:00 Appearance representation, editing and reproduction (part2)<br \/>\nLecturer: Fabio Pellacini<\/span><\/p>\n<p><span style=\"color: #333399;\">Lunch break<\/span><\/p>\n<p><span style=\"color: #333399;\">14:15-16:00 \u00a0 From 3D models to 3D prints: an overview of the processing pipeline<br \/>\nLecturer: Jon\u00e0s Mart\u00ednez and Marco Livesu<\/span><\/p>\n<p><span style=\"color: #333399;\">16:30-18:15 Demo session (Advanced Prototyping LAB)<\/span><\/p>\n<p><span style=\"color: #333399;\">20.00 Social Dinner (for all school attendants)<\/span><\/p>\n<p><span style=\"color: #333399;\"><strong>Day 3 &#8211; October 18<\/strong><\/span><\/p>\n<p><span style=\"color: #333399;\">8.30 -9:30 Procedural and stochastic microstructures for functional fabrication<br \/>\n<span style=\"color: #003366;\"> Lecturer: Jon\u00e0s Mart\u00ednez<\/span><\/span><\/p>\n<p><span style=\"color: #333399;\">9.30 -10:00 Fabrication-aware shape decomposition<br \/>\nLecturer: Marco Livesu<\/span><\/p>\n<p><span style=\"color: #333399;\">10.00 -10:30 Simulating additive manufacturing: a meshing perspective<br \/>\nLecturer: Marco Livesu<\/span><\/p>\n<p><span style=\"color: #333399;\">Coffee Break<\/span><\/p>\n<p><span style=\"color: #333399;\">11:00-12:00\u00a0(Beyond) 3D Printing: Geometry Processing for Fabricating Digital Objects based on reusable Molds<\/span><br \/>\n<span style=\"color: #333399;\">Lecturers: Luigi Malomo<\/span><\/p>\n<p><span style=\"color: #333399;\">12:00-13:00\u00a0 Examination 1h<\/span><\/p>\n<p><span style=\"color: #333399;\">13:00-13:15 Concluding Remarks<\/span><\/p>\n","protected":false},"excerpt":{"rendered":"<p>Day 1 &#8211; October 16 (Tuesday) 8:45 welcome 9-11 An overview of additive manufacturing hardware Lecturer: Bernd Bickel and\u00a0Jes\u00fas P\u00e9rez Coffee break 11.30-13.30 State of the Art on Stylized Fabrication Lecturers: Bernd Bickel, Jes\u00fas P\u00e9rez\u00a0and Luigi Malomo Lunch Break 14.45-16.45 Surface Parametrization\u00a0 Lecturer: Marco Tarini\u00a0 Coffee Break 17-19 Mesh processing tools for digital modeling and &hellip; <\/p>\n<p class=\"link-more\"><a href=\"https:\/\/egit-school2018.unibs.it\/index.php\/program\/\" class=\"more-link\">Continue reading<span class=\"screen-reader-text\"> &#8220;Program&#8221;<\/span><\/a><\/p>\n","protected":false},"author":1,"featured_media":0,"parent":0,"menu_order":0,"comment_status":"closed","ping_status":"closed","template":"","meta":{"footnotes":""},"class_list":["post-26","page","type-page","status-publish","hentry"],"_links":{"self":[{"href":"https:\/\/egit-school2018.unibs.it\/index.php\/wp-json\/wp\/v2\/pages\/26","targetHints":{"allow":["GET"]}}],"collection":[{"href":"https:\/\/egit-school2018.unibs.it\/index.php\/wp-json\/wp\/v2\/pages"}],"about":[{"href":"https:\/\/egit-school2018.unibs.it\/index.php\/wp-json\/wp\/v2\/types\/page"}],"author":[{"embeddable":true,"href":"https:\/\/egit-school2018.unibs.it\/index.php\/wp-json\/wp\/v2\/users\/1"}],"replies":[{"embeddable":true,"href":"https:\/\/egit-school2018.unibs.it\/index.php\/wp-json\/wp\/v2\/comments?post=26"}],"version-history":[{"count":14,"href":"https:\/\/egit-school2018.unibs.it\/index.php\/wp-json\/wp\/v2\/pages\/26\/revisions"}],"predecessor-version":[{"id":259,"href":"https:\/\/egit-school2018.unibs.it\/index.php\/wp-json\/wp\/v2\/pages\/26\/revisions\/259"}],"wp:attachment":[{"href":"https:\/\/egit-school2018.unibs.it\/index.php\/wp-json\/wp\/v2\/media?parent=26"}],"curies":[{"name":"wp","href":"https:\/\/api.w.org\/{rel}","templated":true}]}}